{"id":111,"date":"2023-01-24T20:56:47","date_gmt":"2023-01-24T20:56:47","guid":{"rendered":"https:\/\/dev2.musicz.lu\/?page_id=111"},"modified":"2023-04-14T18:40:20","modified_gmt":"2023-04-14T18:40:20","slug":"voice-art-social","status":"publish","type":"page","link":"https:\/\/musicz.lu\/en\/voice-art-social\/","title":{"rendered":"Voice, Art &#038; Social"},"content":{"rendered":"<p>Voice, Art &amp; Social is a non-profit association that supports artists and helps them to realise social projects.<\/p>\n\n\n\n<p>Artistesch Leedung vu de musikalesche\u00a0Projeten huet de L\u00ebtzebuerger S\u00e4nger an Projetsleeder\u00a0<a href=\"http:\/\/www.georgephilippart.com\" target=\"_blank\" rel=\"noreferrer noopener\">George Philippart.<\/a><\/p>\n\n\n\n<p>Voice, Art &amp; Social is happy to support you in the realisation of your projects. In addition, we offer our members various advantages, such as assistance with public relations or the lending of audio equipment.<\/p>\n\n\n\n<p>For more information, visit www.voice-art-social.org&nbsp;<a href=\"https:\/\/l.facebook.com\/l.php?u=http%3A%2F%2Fwww.voice-art-social.org%2F%3Ffbclid%3DIwAR3FhVBuHtz8QVoy7IJn9D2bPUEI3UwqKklqxPnYm92OIRIwJ2FgUkNnmm4&amp;h=AT21g6aoECGSel0zSKgfzd3voEUS7TNpqgp_tYULCTRzkfaXMO6q657fKESQ8NsLTg09RqK7Ws7F2pc_jNt5m6fMyuei07dAreV_lna8cKgU8Mprq4ZDshUTAwjfLKkEENA9oQUW8a2R1zBQ0jY\" target=\"_blank\" rel=\"noreferrer noopener\">www.voice-art-social.org<\/a><\/p>","protected":false},"excerpt":{"rendered":"<p>Voice, Art &amp; Social is a non-profit association that supports artists and helps them to realise social projects.<\/p>\n<p><a href=\"https:\/\/musicz.lu\/en\/voice-art-social\/\" class=\"more-link\">Read More<span class=\"screen-reader-text\">Voice, Art &#038; Social<\/span><\/a><\/p>","protected":false},"author":1,"featured_media":305,"parent":0,"menu_order":0,"comment_status":"closed","ping_status":"closed","template":"","meta":{"footnotes":""},"class_list":["post-111","page","type-page","status-publish","has-post-thumbnail","hentry"],"yoast_head":"<!-- This site is optimized with the Yoast SEO plugin v27.4 - https:\/\/yoast.com\/product\/yoast-seo-wordpress\/ -->\n<title>Voice, Art &amp; Social - musicz.lu<\/title>\n<meta name=\"robots\" content=\"index, follow, max-snippet:-1, max-image-preview:large, max-video-preview:-1\" \/>\n<link rel=\"canonical\" href=\"https:\/\/musicz.lu\/en\/voice-art-social\/\" \/>\n<meta property=\"og:locale\" content=\"en_GB\" \/>\n<meta property=\"og:type\" content=\"article\" \/>\n<meta property=\"og:title\" content=\"Voice, Art &amp; Social - musicz.lu\" \/>\n<meta property=\"og:description\" content=\"Voice, Art &amp; Social ass eng Associatioun d\u00e9i sech op der enger S\u00e4it fir K\u00ebnschtler as\u00ebtzt&nbsp;an op der anerer&nbsp;S\u00e4it zesummen mat deene&nbsp;K\u00ebnschtler sozial Projet realis\u00e9iert.Read MoreVoice, Art &#038; Social\" \/>\n<meta property=\"og:url\" content=\"https:\/\/musicz.lu\/en\/voice-art-social\/\" \/>\n<meta property=\"og:site_name\" content=\"musicz.lu\" \/>\n<meta property=\"article:publisher\" content=\"https:\/\/www.facebook.com\/musiczzzzz\" \/>\n<meta property=\"article:modified_time\" content=\"2023-04-14T18:40:20+00:00\" \/>\n<meta property=\"og:image\" content=\"https:\/\/musicz.lu\/wp-content\/uploads\/2023\/04\/8-2.jpg\" \/>\n\t<meta property=\"og:image:width\" content=\"1200\" \/>\n\t<meta property=\"og:image:height\" content=\"400\" \/>\n\t<meta property=\"og:image:type\" content=\"image\/jpeg\" \/>\n<meta name=\"twitter:card\" content=\"summary_large_image\" \/>\n<meta name=\"twitter:label1\" content=\"Estimated reading time\" \/>\n\t<meta name=\"twitter:data1\" content=\"1 minute\" \/>\n<script type=\"application\/ld+json\" class=\"yoast-schema-graph\">{\"@context\":\"https:\\\/\\\/schema.org\",\"@graph\":[{\"@type\":\"WebPage\",\"@id\":\"https:\\\/\\\/musicz.lu\\\/voice-art-social\\\/\",\"url\":\"https:\\\/\\\/musicz.lu\\\/voice-art-social\\\/\",\"name\":\"Voice, Art & Social - musicz.lu\",\"isPartOf\":{\"@id\":\"https:\\\/\\\/musicz.lu\\\/en\\\/#website\"},\"primaryImageOfPage\":{\"@id\":\"https:\\\/\\\/musicz.lu\\\/voice-art-social\\\/#primaryimage\"},\"image\":{\"@id\":\"https:\\\/\\\/musicz.lu\\\/voice-art-social\\\/#primaryimage\"},\"thumbnailUrl\":\"https:\\\/\\\/musicz.lu\\\/wp-content\\\/uploads\\\/2023\\\/04\\\/8-2.jpg\",\"datePublished\":\"2023-01-24T20:56:47+00:00\",\"dateModified\":\"2023-04-14T18:40:20+00:00\",\"breadcrumb\":{\"@id\":\"https:\\\/\\\/musicz.lu\\\/voice-art-social\\\/#breadcrumb\"},\"inLanguage\":\"en-GB\",\"potentialAction\":[{\"@type\":\"ReadAction\",\"target\":[\"https:\\\/\\\/musicz.lu\\\/voice-art-social\\\/\"]}]},{\"@type\":\"ImageObject\",\"inLanguage\":\"en-GB\",\"@id\":\"https:\\\/\\\/musicz.lu\\\/voice-art-social\\\/#primaryimage\",\"url\":\"https:\\\/\\\/musicz.lu\\\/wp-content\\\/uploads\\\/2023\\\/04\\\/8-2.jpg\",\"contentUrl\":\"https:\\\/\\\/musicz.lu\\\/wp-content\\\/uploads\\\/2023\\\/04\\\/8-2.jpg\",\"width\":1200,\"height\":400},{\"@type\":\"BreadcrumbList\",\"@id\":\"https:\\\/\\\/musicz.lu\\\/voice-art-social\\\/#breadcrumb\",\"itemListElement\":[{\"@type\":\"ListItem\",\"position\":1,\"name\":\"Startseite\",\"item\":\"https:\\\/\\\/musicz.lu\\\/\"},{\"@type\":\"ListItem\",\"position\":2,\"name\":\"Voice, Art &#038; Social\"}]},{\"@type\":\"WebSite\",\"@id\":\"https:\\\/\\\/musicz.lu\\\/en\\\/#website\",\"url\":\"https:\\\/\\\/musicz.lu\\\/en\\\/\",\"name\":\"musicz.lu\",\"description\":\"\",\"publisher\":{\"@id\":\"https:\\\/\\\/musicz.lu\\\/en\\\/#organization\"},\"potentialAction\":[{\"@type\":\"SearchAction\",\"target\":{\"@type\":\"EntryPoint\",\"urlTemplate\":\"https:\\\/\\\/musicz.lu\\\/en\\\/?s={search_term_string}\"},\"query-input\":{\"@type\":\"PropertyValueSpecification\",\"valueRequired\":true,\"valueName\":\"search_term_string\"}}],\"inLanguage\":\"en-GB\"},{\"@type\":\"Organization\",\"@id\":\"https:\\\/\\\/musicz.lu\\\/en\\\/#organization\",\"name\":\"musicz.lu\",\"alternateName\":\"MusicZ\",\"url\":\"https:\\\/\\\/musicz.lu\\\/en\\\/\",\"logo\":{\"@type\":\"ImageObject\",\"inLanguage\":\"en-GB\",\"@id\":\"https:\\\/\\\/musicz.lu\\\/en\\\/#\\\/schema\\\/logo\\\/image\\\/\",\"url\":\"https:\\\/\\\/musicz.lu\\\/wp-content\\\/uploads\\\/2024\\\/12\\\/f72e4a09-6afc-4cd7-9ebe-861d348a89ab-scaled.jpg\",\"contentUrl\":\"https:\\\/\\\/musicz.lu\\\/wp-content\\\/uploads\\\/2024\\\/12\\\/f72e4a09-6afc-4cd7-9ebe-861d348a89ab-scaled.jpg\",\"width\":2560,\"height\":598,\"caption\":\"musicz.lu\"},\"image\":{\"@id\":\"https:\\\/\\\/musicz.lu\\\/en\\\/#\\\/schema\\\/logo\\\/image\\\/\"},\"sameAs\":[\"https:\\\/\\\/www.facebook.com\\\/musiczzzzz\"]}]}<\/script>\n<!-- \/ Yoast SEO plugin. -->","yoast_head_json":{"title":"Voice, Art & Social - musicz.lu","robots":{"index":"index","follow":"follow","max-snippet":"max-snippet:-1","max-image-preview":"max-image-preview:large","max-video-preview":"max-video-preview:-1"},"canonical":"https:\/\/musicz.lu\/en\/voice-art-social\/","og_locale":"en_GB","og_type":"article","og_title":"Voice, Art & Social - musicz.lu","og_description":"Voice, Art &amp; Social ass eng Associatioun d\u00e9i sech op der enger S\u00e4it fir K\u00ebnschtler as\u00ebtzt&nbsp;an op der anerer&nbsp;S\u00e4it zesummen mat deene&nbsp;K\u00ebnschtler sozial Projet realis\u00e9iert.Read MoreVoice, Art &#038; Social","og_url":"https:\/\/musicz.lu\/en\/voice-art-social\/","og_site_name":"musicz.lu","article_publisher":"https:\/\/www.facebook.com\/musiczzzzz","article_modified_time":"2023-04-14T18:40:20+00:00","og_image":[{"width":1200,"height":400,"url":"https:\/\/musicz.lu\/wp-content\/uploads\/2023\/04\/8-2.jpg","type":"image\/jpeg"}],"twitter_card":"summary_large_image","twitter_misc":{"Estimated reading time":"1 minute"},"schema":{"@context":"https:\/\/schema.org","@graph":[{"@type":"WebPage","@id":"https:\/\/musicz.lu\/voice-art-social\/","url":"https:\/\/musicz.lu\/voice-art-social\/","name":"Voice, Art & Social - musicz.lu","isPartOf":{"@id":"https:\/\/musicz.lu\/en\/#website"},"primaryImageOfPage":{"@id":"https:\/\/musicz.lu\/voice-art-social\/#primaryimage"},"image":{"@id":"https:\/\/musicz.lu\/voice-art-social\/#primaryimage"},"thumbnailUrl":"https:\/\/musicz.lu\/wp-content\/uploads\/2023\/04\/8-2.jpg","datePublished":"2023-01-24T20:56:47+00:00","dateModified":"2023-04-14T18:40:20+00:00","breadcrumb":{"@id":"https:\/\/musicz.lu\/voice-art-social\/#breadcrumb"},"inLanguage":"en-GB","potentialAction":[{"@type":"ReadAction","target":["https:\/\/musicz.lu\/voice-art-social\/"]}]},{"@type":"ImageObject","inLanguage":"en-GB","@id":"https:\/\/musicz.lu\/voice-art-social\/#primaryimage","url":"https:\/\/musicz.lu\/wp-content\/uploads\/2023\/04\/8-2.jpg","contentUrl":"https:\/\/musicz.lu\/wp-content\/uploads\/2023\/04\/8-2.jpg","width":1200,"height":400},{"@type":"BreadcrumbList","@id":"https:\/\/musicz.lu\/voice-art-social\/#breadcrumb","itemListElement":[{"@type":"ListItem","position":1,"name":"Startseite","item":"https:\/\/musicz.lu\/"},{"@type":"ListItem","position":2,"name":"Voice, Art &#038; Social"}]},{"@type":"WebSite","@id":"https:\/\/musicz.lu\/en\/#website","url":"https:\/\/musicz.lu\/en\/","name":"musicz.lu","description":"","publisher":{"@id":"https:\/\/musicz.lu\/en\/#organization"},"potentialAction":[{"@type":"SearchAction","target":{"@type":"EntryPoint","urlTemplate":"https:\/\/musicz.lu\/en\/?s={search_term_string}"},"query-input":{"@type":"PropertyValueSpecification","valueRequired":true,"valueName":"search_term_string"}}],"inLanguage":"en-GB"},{"@type":"Organization","@id":"https:\/\/musicz.lu\/en\/#organization","name":"musicz.lu","alternateName":"MusicZ","url":"https:\/\/musicz.lu\/en\/","logo":{"@type":"ImageObject","inLanguage":"en-GB","@id":"https:\/\/musicz.lu\/en\/#\/schema\/logo\/image\/","url":"https:\/\/musicz.lu\/wp-content\/uploads\/2024\/12\/f72e4a09-6afc-4cd7-9ebe-861d348a89ab-scaled.jpg","contentUrl":"https:\/\/musicz.lu\/wp-content\/uploads\/2024\/12\/f72e4a09-6afc-4cd7-9ebe-861d348a89ab-scaled.jpg","width":2560,"height":598,"caption":"musicz.lu"},"image":{"@id":"https:\/\/musicz.lu\/en\/#\/schema\/logo\/image\/"},"sameAs":["https:\/\/www.facebook.com\/musiczzzzz"]}]}},"_links":{"self":[{"href":"https:\/\/musicz.lu\/en\/wp-json\/wp\/v2\/pages\/111","targetHints":{"allow":["GET"]}}],"collection":[{"href":"https:\/\/musicz.lu\/en\/wp-json\/wp\/v2\/pages"}],"about":[{"href":"https:\/\/musicz.lu\/en\/wp-json\/wp\/v2\/types\/page"}],"author":[{"embeddable":true,"href":"https:\/\/musicz.lu\/en\/wp-json\/wp\/v2\/users\/1"}],"replies":[{"embeddable":true,"href":"https:\/\/musicz.lu\/en\/wp-json\/wp\/v2\/comments?post=111"}],"version-history":[{"count":3,"href":"https:\/\/musicz.lu\/en\/wp-json\/wp\/v2\/pages\/111\/revisions"}],"predecessor-version":[{"id":315,"href":"https:\/\/musicz.lu\/en\/wp-json\/wp\/v2\/pages\/111\/revisions\/315"}],"wp:featuredmedia":[{"embeddable":true,"href":"https:\/\/musicz.lu\/en\/wp-json\/wp\/v2\/media\/305"}],"wp:attachment":[{"href":"https:\/\/musicz.lu\/en\/wp-json\/wp\/v2\/media?parent=111"}],"curies":[{"name":"wp","href":"https:\/\/api.w.org\/{rel}","templated":true}]}}