{"id":362,"date":"2023-11-08T18:20:26","date_gmt":"2023-11-08T18:20:26","guid":{"rendered":"https:\/\/dev.musicz.lu\/?page_id=362"},"modified":"2023-11-08T18:20:38","modified_gmt":"2023-11-08T18:20:38","slug":"mention-legale","status":"publish","type":"page","link":"https:\/\/musicz.lu\/en\/mention-legale\/","title":{"rendered":"Mention l\u00e9gale"},"content":{"rendered":"<h3 class=\"wp-block-heading\">EDITEUR<\/h3>\n\n\n\n<p>La pr\u00e9sente page web a \u00e9t\u00e9 r\u00e9alis\u00e9 pour Monsieur Claude ZEIMES (musicz.lu) par Solumos Business Solutions s\u00e0rl.<\/p>\n\n\n\n<h3 class=\"wp-block-heading\">ADRESSE<\/h3>\n\n\n\n<p>Musicz.lu<br>Claude ZEIMES<br>6, rue Johnny Geisen <br>L-3322 Bivange<\/p>\n\n\n\n<h3 class=\"wp-block-heading\">CONTACT<\/h3>\n\n\n\n<p>Pour toute remarque sur le fonctionnement du site ou son contenu, veuillez-vous adresser au webmaster du site\u00a0:\u00a0contact@musicz.lu <\/p>\n\n\n\n<h3 class=\"wp-block-heading\">AVERTISSEMENT AUX UTILISATEURS&nbsp;:<\/h3>\n\n\n\n<p>L\u2019utilisateur d\u00e9clare avoir connaissance des vuln\u00e9rabilit\u00e9s et des limites du r\u00e9seau internet et en particulier, reconna\u00eetre&nbsp;:<\/p>\n\n\n\n<ul class=\"wp-block-list\">\n<li>avoir connaissance de la nature du r\u00e9seau Internet et par l\u00e0 m\u00eame, des probl\u00e8mes qui peuvent en d\u00e9couler sans que le propritaire du site ne puisse \u00eatre tenu pour responsable. Ces probl\u00e8mes peuvent avoir entre autres, une incidence, sur la consultation, l\u2019interrogation ou bien encore le transf\u00e8re de donn\u00e9es&nbsp;;<\/li>\n\n\n\n<li>que les donn\u00e9es circulant sur Internet ne sont pas n\u00e9cessairement prot\u00e9g\u00e9es, notamment contre les d\u00e9tournements \u00e9ventuels&nbsp;;<\/li>\n\n\n\n<li>qu\u2019il appartient \u00e0 l\u2019utilisateur de prendre toutes les mesures de s\u00e9curit\u00e9 appropri\u00e9es de fa\u00e7on \u00e0 prot\u00e9ger ses propres donn\u00e9es et\/ou logiciels de la contamination par des \u00e9ventuels virus informatique pouvant transiter par le r\u00e9seau Internet.<\/li>\n<\/ul>\n\n\n\n<h3 class=\"wp-block-heading\">PHOTOGRAPHIE ET ICONOGRAPHIE&nbsp;:<\/h3>\n\n\n\n<p>Les photos pr\u00e9sentes sur le site proviennent et appartiennent au propritaire du site . L\u2019utilisation d\u2019une photographie pr\u00e9sente sur ce site ne peut se faire que suite \u00e0 l\u2019obtention d\u2019un accord de la part du propritaire du site. De m\u00eame, l\u2019utilisation des illustrations et iconographies pr\u00e9sentes sur ce site ne peut se faire qu\u2019apr\u00e8s l\u2019obtention d\u2019un accord du propritaire du site.<br><br>Les photos, sauf indication contraire, ont \u00e9t\u00e9 r\u00e9alis\u00e9es par Eric Engel<\/p>\n\n\n\n<h3 class=\"wp-block-heading\">LES DROITS DE REPRODUCTION&nbsp;:<\/h3>\n\n\n\n<p>Tous les contenus pr\u00e9sents sur le site internet de musicz.lu sont couverts par le droit d\u2019auteur. La reproduction du contenu des pages de ce site, ind\u00e9pendamment du type de support utilis\u00e9 est permise dans les conditions suivantes\u00a0:<\/p>\n\n\n\n<ul class=\"wp-block-list\">\n<li>&nbsp;avoir obtenu l\u2019accord du propritaire du site<\/li>\n\n\n\n<li>&nbsp;la gratuit\u00e9 de la diffusion&nbsp;;<\/li>\n\n\n\n<li>&nbsp;le respect de l\u2019int\u00e9grit\u00e9 des documents reproduits&nbsp;;<\/li>\n\n\n\n<li>\u00a0la citation explicite du site\u00a0www.musicz.lu\u00a0comme source d\u2019information.<\/li>\n<\/ul>\n\n\n\n<p>Toute utilisation \u00e0 des fins commerciales est exclue. \u00a0Le webmaster de musicz.lu se r\u00e9serve le droit de corriger, \u00e0 tout moment et sans pr\u00e9avis, le contenu de ce site.<\/p>\n\n\n\n<h3 class=\"wp-block-heading\">TRAITEMENT DES DONN\u00c9ES \u00c0 CARACT\u00c8RE PERSONNEL&nbsp;:<\/h3>\n\n\n\n<p>Musicz.lu<br>Claude ZEIMES<br>6, rue Johnny Geisen <br>L-3322 Bivange<\/p>\n\n\n\n<h3 class=\"wp-block-heading\">DISPOSITIONS RELATIVES AU FORMULAIRE DE CONTACT&nbsp;:<\/h3>\n\n\n\n<p>Ce formulaire peut vous permettre d\u2019obtenir de la part de Muiscz.lu \/ Claude Zeimesdes informations d\u2019ordre g\u00e9n\u00e9ral en relation, \u00a0par exemple avec les services que nous pouvons vous proposer. En aucun cas ce formulaire ne peut \u00eatre utilis\u00e9 pour obtenir de des renseignements portant sur des informations confidentielles.<\/p>\n\n\n\n<p>Les informations qui vous concernent recueillies sur ce formulaire font l\u2019objet d\u2019un traitement par Claude Zeimes ou son Webmaster afin de mener \u00e0 bien votre demande.<br><br>Ces informations sont conserv\u00e9es pour la dur\u00e9e n\u00e9cessaire \u00e0 la r\u00e9alisation de votre demande.<\/p>\n\n\n\n<p>Conform\u00e9ment au R\u00e8glement (UE) 2016\/679, de la loi du 1<sup>er<\/sup>&nbsp;ao\u00fbt 2018 relative \u00e0 la protection des personnes physiques \u00e0 l\u2019\u00e9gard du traitement des donn\u00e9es \u00e0 caract\u00e8re personnel en mati\u00e8re p\u00e9nale et de la loi du 1<sup>er<\/sup>&nbsp;ao\u00fbt 2018 portant organisation de la Commission Nationale pour la Protection des Donn\u00e9es et du r\u00e9gime g\u00e9n\u00e9ral sur la protection des donn\u00e9es,&nbsp;vous b\u00e9n\u00e9ficiez d\u2019un droit d\u2019acc\u00e8s, de rectification et le cas \u00e9ch\u00e9ant d\u2019effacement des informations vous concernant. Vous disposez \u00e9galement du droit de retirer votre consentement \u00e0 tout moment.<\/p>\n\n\n\n<p>En outre et except\u00e9 le cas o\u00f9 le traitement de vos donn\u00e9es pr\u00e9sente un caract\u00e8re obligatoire, vous pouvez, pour des motifs l\u00e9gitimes, vous y opposer.<\/p>\n\n\n\n<p>Si vous souhaitez exercer ces droits et\/ou obtenir communication de vos informations, veuillez-vous adresser \u00e0 contact@musicz.lu suivant les coordonn\u00e9es indiqu\u00e9es dans la rubrique \u00ab\u00a0Exercer vos droits\u00a0\u00bb.<\/p>\n\n\n\n<h3 class=\"wp-block-heading\">EXERCER VOS DROITS&nbsp;:<\/h3>\n\n\n\n<p>Pour toute information ou exercice de vos droits sur les traitements de donn\u00e9es personnelles g\u00e9r\u00e9s par Claude Zeimes ou son Webmaster, conform\u00e9ment au R\u00e8glement (UE) 2016\/679, \u00e0 la loi du 1<sup>er<\/sup>\u00a0ao\u00fbt 2018 relative \u00e0 la protection des personnes physiques \u00e0 l\u2019\u00e9gard du traitement des donn\u00e9es \u00e0 caract\u00e8re personnel en mati\u00e8re p\u00e9nale et \u00e0 la loi du 1<sup>er<\/sup>\u00a0ao\u00fbt 2018 portant organisation de la Commission Nationale pour la Protection des Donn\u00e9es et du r\u00e9gime g\u00e9n\u00e9ral sur la protection des donn\u00e9es. Vous pouvez adresser un courrier \u00e0 la cellule s\u00e9curit\u00e9 de l\u2019information en utilisant l\u2019adresse suivante\u00a0:<\/p>\n\n\n\n<p>Musicz.lu<br>Claude ZEIMES<br>6, rue Johnny Geisen <br>L-3322 Bivange<\/p>\n\n\n\n<p>Vous avez \u00e9galement la possibilit\u00e9 d\u2019introduire une r\u00e9clamation aupr\u00e8s de la Commission nationale pour la protection des donn\u00e9es ayant son si\u00e8ge \u00e0 1 Avenue du Rock\u2019n\u2019Roll, L-4361 Esch-sur-Alzette.<\/p>\n\n\n\n<h3 class=\"wp-block-heading\">GESTION DES COOKIES&nbsp;:<\/h3>\n\n\n\n<p>Ce site utilise des cookies client, c\u2019est-\u00e0-dire des petits fichiers texte permettant d\u2019analyser les informations relatives \u00e0 la navigation afin d\u2019am\u00e9liorer l\u2019exp\u00e9rience de l\u2019utilisateur par rapport aux services d\u00e9livr\u00e9s par ce site. A cette fin, le navigateur Internet de l\u2019utilisateur place des cookies sur l\u2019ordinateur de ce dernier afin de recueillir des donn\u00e9es qui seront utilis\u00e9es en vue de personnaliser la navigation autour des diff\u00e9rents services de ce site, permettant ainsi certaines fonctionnalit\u00e9s uniques. L\u2019utilisateur peut lui-m\u00eame d\u00e9cider si le serveur web de ce site est autoris\u00e9 ou non \u00e0 m\u00e9moriser ces cookies sur son ordinateur. L\u2019utilisateur a \u00e0 tout moment le choix de r\u00e9gler les options de son navigateur de sorte que les cookies ne soient accept\u00e9s et m\u00e9moris\u00e9s. Cependant, si l\u2019utilisateur restreint l\u2019utilisation de cookies, nous vous informons que certains services de ce site ne seront peut-\u00eatre pas totalement accessibles, voir inaccessibles.<\/p>","protected":false},"excerpt":{"rendered":"<p>EDITEUR La pr\u00e9sente page web a \u00e9t\u00e9 r\u00e9alis\u00e9 pour Monsieur Claude ZEIMES (musicz.lu) par Solumos Business Solutions s\u00e0rl. ADRESSE Musicz.luClaude ZEIMES6, rue Johnny Geisen L-3322<\/p>\n<p><a href=\"https:\/\/musicz.lu\/en\/mention-legale\/\" class=\"more-link\">Read More<span class=\"screen-reader-text\">Mention l\u00e9gale<\/span><\/a><\/p>","protected":false},"author":1,"featured_media":0,"parent":0,"menu_order":0,"comment_status":"closed","ping_status":"closed","template":"","meta":{"footnotes":""},"class_list":["post-362","page","type-page","status-publish","hentry"],"yoast_head":"<!-- This site is optimized with the Yoast SEO plugin v27.4 - https:\/\/yoast.com\/product\/yoast-seo-wordpress\/ -->\n<title>Mention l\u00e9gale - musicz.lu<\/title>\n<meta name=\"robots\" content=\"index, follow, max-snippet:-1, max-image-preview:large, max-video-preview:-1\" \/>\n<link rel=\"canonical\" href=\"https:\/\/musicz.lu\/en\/mention-legale\/\" \/>\n<meta property=\"og:locale\" content=\"en_GB\" \/>\n<meta property=\"og:type\" content=\"article\" \/>\n<meta property=\"og:title\" content=\"Mention l\u00e9gale - musicz.lu\" \/>\n<meta property=\"og:description\" content=\"EDITEUR La pr\u00e9sente page web a \u00e9t\u00e9 r\u00e9alis\u00e9 pour Monsieur Claude ZEIMES (musicz.lu) par Solumos Business Solutions s\u00e0rl. ADRESSE Musicz.luClaude ZEIMES6, rue Johnny Geisen L-3322Read MoreMention l\u00e9gale\" \/>\n<meta property=\"og:url\" content=\"https:\/\/musicz.lu\/en\/mention-legale\/\" \/>\n<meta property=\"og:site_name\" content=\"musicz.lu\" \/>\n<meta property=\"article:publisher\" content=\"https:\/\/www.facebook.com\/musiczzzzz\" \/>\n<meta property=\"article:modified_time\" content=\"2023-11-08T18:20:38+00:00\" \/>\n<meta property=\"og:image\" content=\"https:\/\/musicz.lu\/wp-content\/uploads\/2024\/12\/f72e4a09-6afc-4cd7-9ebe-861d348a89ab-scaled.jpg\" \/>\n\t<meta property=\"og:image:width\" content=\"2560\" \/>\n\t<meta property=\"og:image:height\" content=\"598\" \/>\n\t<meta property=\"og:image:type\" content=\"image\/jpeg\" \/>\n<meta name=\"twitter:card\" content=\"summary_large_image\" \/>\n<meta name=\"twitter:label1\" content=\"Estimated reading time\" \/>\n\t<meta name=\"twitter:data1\" content=\"5 minutes\" \/>\n<script type=\"application\/ld+json\" class=\"yoast-schema-graph\">{\"@context\":\"https:\\\/\\\/schema.org\",\"@graph\":[{\"@type\":\"WebPage\",\"@id\":\"https:\\\/\\\/musicz.lu\\\/mention-legale\\\/\",\"url\":\"https:\\\/\\\/musicz.lu\\\/mention-legale\\\/\",\"name\":\"Mention l\u00e9gale - musicz.lu\",\"isPartOf\":{\"@id\":\"https:\\\/\\\/musicz.lu\\\/en\\\/#website\"},\"datePublished\":\"2023-11-08T18:20:26+00:00\",\"dateModified\":\"2023-11-08T18:20:38+00:00\",\"breadcrumb\":{\"@id\":\"https:\\\/\\\/musicz.lu\\\/mention-legale\\\/#breadcrumb\"},\"inLanguage\":\"en-GB\",\"potentialAction\":[{\"@type\":\"ReadAction\",\"target\":[\"https:\\\/\\\/musicz.lu\\\/mention-legale\\\/\"]}]},{\"@type\":\"BreadcrumbList\",\"@id\":\"https:\\\/\\\/musicz.lu\\\/mention-legale\\\/#breadcrumb\",\"itemListElement\":[{\"@type\":\"ListItem\",\"position\":1,\"name\":\"Startseite\",\"item\":\"https:\\\/\\\/musicz.lu\\\/\"},{\"@type\":\"ListItem\",\"position\":2,\"name\":\"Mention l\u00e9gale\"}]},{\"@type\":\"WebSite\",\"@id\":\"https:\\\/\\\/musicz.lu\\\/en\\\/#website\",\"url\":\"https:\\\/\\\/musicz.lu\\\/en\\\/\",\"name\":\"musicz.lu\",\"description\":\"\",\"publisher\":{\"@id\":\"https:\\\/\\\/musicz.lu\\\/en\\\/#organization\"},\"potentialAction\":[{\"@type\":\"SearchAction\",\"target\":{\"@type\":\"EntryPoint\",\"urlTemplate\":\"https:\\\/\\\/musicz.lu\\\/en\\\/?s={search_term_string}\"},\"query-input\":{\"@type\":\"PropertyValueSpecification\",\"valueRequired\":true,\"valueName\":\"search_term_string\"}}],\"inLanguage\":\"en-GB\"},{\"@type\":\"Organization\",\"@id\":\"https:\\\/\\\/musicz.lu\\\/en\\\/#organization\",\"name\":\"musicz.lu\",\"alternateName\":\"MusicZ\",\"url\":\"https:\\\/\\\/musicz.lu\\\/en\\\/\",\"logo\":{\"@type\":\"ImageObject\",\"inLanguage\":\"en-GB\",\"@id\":\"https:\\\/\\\/musicz.lu\\\/en\\\/#\\\/schema\\\/logo\\\/image\\\/\",\"url\":\"https:\\\/\\\/musicz.lu\\\/wp-content\\\/uploads\\\/2024\\\/12\\\/f72e4a09-6afc-4cd7-9ebe-861d348a89ab-scaled.jpg\",\"contentUrl\":\"https:\\\/\\\/musicz.lu\\\/wp-content\\\/uploads\\\/2024\\\/12\\\/f72e4a09-6afc-4cd7-9ebe-861d348a89ab-scaled.jpg\",\"width\":2560,\"height\":598,\"caption\":\"musicz.lu\"},\"image\":{\"@id\":\"https:\\\/\\\/musicz.lu\\\/en\\\/#\\\/schema\\\/logo\\\/image\\\/\"},\"sameAs\":[\"https:\\\/\\\/www.facebook.com\\\/musiczzzzz\"]}]}<\/script>\n<!-- \/ Yoast SEO plugin. -->","yoast_head_json":{"title":"Mention l\u00e9gale - musicz.lu","robots":{"index":"index","follow":"follow","max-snippet":"max-snippet:-1","max-image-preview":"max-image-preview:large","max-video-preview":"max-video-preview:-1"},"canonical":"https:\/\/musicz.lu\/en\/mention-legale\/","og_locale":"en_GB","og_type":"article","og_title":"Mention l\u00e9gale - musicz.lu","og_description":"EDITEUR La pr\u00e9sente page web a \u00e9t\u00e9 r\u00e9alis\u00e9 pour Monsieur Claude ZEIMES (musicz.lu) par Solumos Business Solutions s\u00e0rl. ADRESSE Musicz.luClaude ZEIMES6, rue Johnny Geisen L-3322Read MoreMention l\u00e9gale","og_url":"https:\/\/musicz.lu\/en\/mention-legale\/","og_site_name":"musicz.lu","article_publisher":"https:\/\/www.facebook.com\/musiczzzzz","article_modified_time":"2023-11-08T18:20:38+00:00","og_image":[{"width":2560,"height":598,"url":"https:\/\/musicz.lu\/wp-content\/uploads\/2024\/12\/f72e4a09-6afc-4cd7-9ebe-861d348a89ab-scaled.jpg","type":"image\/jpeg"}],"twitter_card":"summary_large_image","twitter_misc":{"Estimated reading time":"5 minutes"},"schema":{"@context":"https:\/\/schema.org","@graph":[{"@type":"WebPage","@id":"https:\/\/musicz.lu\/mention-legale\/","url":"https:\/\/musicz.lu\/mention-legale\/","name":"Mention l\u00e9gale - musicz.lu","isPartOf":{"@id":"https:\/\/musicz.lu\/en\/#website"},"datePublished":"2023-11-08T18:20:26+00:00","dateModified":"2023-11-08T18:20:38+00:00","breadcrumb":{"@id":"https:\/\/musicz.lu\/mention-legale\/#breadcrumb"},"inLanguage":"en-GB","potentialAction":[{"@type":"ReadAction","target":["https:\/\/musicz.lu\/mention-legale\/"]}]},{"@type":"BreadcrumbList","@id":"https:\/\/musicz.lu\/mention-legale\/#breadcrumb","itemListElement":[{"@type":"ListItem","position":1,"name":"Startseite","item":"https:\/\/musicz.lu\/"},{"@type":"ListItem","position":2,"name":"Mention l\u00e9gale"}]},{"@type":"WebSite","@id":"https:\/\/musicz.lu\/en\/#website","url":"https:\/\/musicz.lu\/en\/","name":"musicz.lu","description":"","publisher":{"@id":"https:\/\/musicz.lu\/en\/#organization"},"potentialAction":[{"@type":"SearchAction","target":{"@type":"EntryPoint","urlTemplate":"https:\/\/musicz.lu\/en\/?s={search_term_string}"},"query-input":{"@type":"PropertyValueSpecification","valueRequired":true,"valueName":"search_term_string"}}],"inLanguage":"en-GB"},{"@type":"Organization","@id":"https:\/\/musicz.lu\/en\/#organization","name":"musicz.lu","alternateName":"MusicZ","url":"https:\/\/musicz.lu\/en\/","logo":{"@type":"ImageObject","inLanguage":"en-GB","@id":"https:\/\/musicz.lu\/en\/#\/schema\/logo\/image\/","url":"https:\/\/musicz.lu\/wp-content\/uploads\/2024\/12\/f72e4a09-6afc-4cd7-9ebe-861d348a89ab-scaled.jpg","contentUrl":"https:\/\/musicz.lu\/wp-content\/uploads\/2024\/12\/f72e4a09-6afc-4cd7-9ebe-861d348a89ab-scaled.jpg","width":2560,"height":598,"caption":"musicz.lu"},"image":{"@id":"https:\/\/musicz.lu\/en\/#\/schema\/logo\/image\/"},"sameAs":["https:\/\/www.facebook.com\/musiczzzzz"]}]}},"_links":{"self":[{"href":"https:\/\/musicz.lu\/en\/wp-json\/wp\/v2\/pages\/362","targetHints":{"allow":["GET"]}}],"collection":[{"href":"https:\/\/musicz.lu\/en\/wp-json\/wp\/v2\/pages"}],"about":[{"href":"https:\/\/musicz.lu\/en\/wp-json\/wp\/v2\/types\/page"}],"author":[{"embeddable":true,"href":"https:\/\/musicz.lu\/en\/wp-json\/wp\/v2\/users\/1"}],"replies":[{"embeddable":true,"href":"https:\/\/musicz.lu\/en\/wp-json\/wp\/v2\/comments?post=362"}],"version-history":[{"count":2,"href":"https:\/\/musicz.lu\/en\/wp-json\/wp\/v2\/pages\/362\/revisions"}],"predecessor-version":[{"id":364,"href":"https:\/\/musicz.lu\/en\/wp-json\/wp\/v2\/pages\/362\/revisions\/364"}],"wp:attachment":[{"href":"https:\/\/musicz.lu\/en\/wp-json\/wp\/v2\/media?parent=362"}],"curies":[{"name":"wp","href":"https:\/\/api.w.org\/{rel}","templated":true}]}}