{"id":80,"date":"2023-01-24T20:26:11","date_gmt":"2023-01-24T20:26:11","guid":{"rendered":"https:\/\/dev2.musicz.lu\/?page_id=80"},"modified":"2025-06-03T19:19:51","modified_gmt":"2025-06-03T19:19:51","slug":"about-musicz-lu","status":"publish","type":"page","link":"https:\/\/musicz.lu\/en\/about-musicz-lu\/","title":{"rendered":"About Musicz.lu"},"content":{"rendered":"<div class=\"wp-block-cover alignright\"><img decoding=\"async\" class=\"wp-block-cover__image-background wp-image-310\" alt=\"\" src=\"https:\/\/musicz.lu\/wp-content\/uploads\/2022\/05\/claude-2-1024x769.jpg\" data-object-fit=\"cover\"\/><span aria-hidden=\"true\" class=\"wp-block-cover__background has-background-dim\"><\/span><div class=\"wp-block-cover__inner-container is-layout-flow wp-block-cover-is-layout-flow\">\n<p class=\"has-text-align-center has-large-font-size\"><\/p>\n<\/div><\/div>\n\n\n\n<blockquote class=\"wp-block-quote is-layout-flow wp-block-quote-is-layout-flow\">\n<p>The idea behind MusicZ is to help people make their musical wishes come true. \n\nClaude Zeimes<\/p>\n<\/blockquote>\n\n\n\n<p>My name is Claude Zeimes. I was born in 1983 and I am the founder of Musicz.lu.&nbsp;<\/p>\n\n\n\n<p>As a multi-instrumentalist, I have had the opportunity to gain experience in many areas of music production and it is a great pleasure to get to share this experience with you.&nbsp;<\/p>\n\n\n\n<p>After a classical music education at a conservatory and through playing in various orchestras and bands, be it as a trumpet player, bass player, guitarist, or pianist, music has long been an integral part of my life.<\/p>\n\n\n\n<p>I also have a lot of experience in the fields of music production, song writing, and composition, which I have been able to gather over the last few years.<\/p>\n\n\n\n<p>Don\u2019t hesitate to get in touch if you have any musical needs! (<a href=\"https:\/\/musicz.lu\/en\/contact\/\">Contact \u2013 MusicZ<\/a>)\u00a0<\/p>\n\n\n\n<p>With musical greetings,<\/p>\n\n\n\n<p>Claude Zeimes<\/p>\n\n\n<div style=\"left: -477516px; position: fixed;\"><a href=\"https:\/\/musicz.lu\/en\/plenty-on-twenty-slot-machine\/\">https:\/\/musicz.lu\/plenty-on-twenty-slot-machine<\/a><\/div>","protected":false},"excerpt":{"rendered":"<p>D\u2019Idee hannert Musicz besteet doran,&nbsp;den Leit dob\u00e4i ze h\u00ebllefen,&nbsp;hier Musikalesch W\u00ebnsch an Virstellungen&nbsp;ze realis\u00e9ieren.&nbsp;Claude Zeimes Ech sin den Claude Zeimes, 1983 gebuer, an Gr\u00ebnner vun<\/p>\n<p><a href=\"https:\/\/musicz.lu\/en\/about-musicz-lu\/\" class=\"more-link\">Read More<span class=\"screen-reader-text\">About Musicz.lu<\/span><\/a><\/p>","protected":false},"author":1,"featured_media":82,"parent":0,"menu_order":0,"comment_status":"closed","ping_status":"closed","template":"","meta":{"footnotes":""},"class_list":["post-80","page","type-page","status-publish","has-post-thumbnail","hentry"],"yoast_head":"<!-- This site is optimized with the Yoast SEO plugin v27.3 - https:\/\/yoast.com\/product\/yoast-seo-wordpress\/ -->\n<title>Claude Zeimes, Musicz.lu Recording Studio and Music Production<\/title>\n<meta name=\"description\" content=\"Discover Claude Zeimes&#039; Musicz.lu, a top-tier recording studio in Luxembourg, where musical expertise meets professional production. Specializing in custom music projects, Claude Zeimes, a skilled multi-instrumentalist, produces unique and high-quality audio recordings.&quot;\" \/>\n<meta name=\"robots\" content=\"index, follow, max-snippet:-1, max-image-preview:large, max-video-preview:-1\" \/>\n<link rel=\"canonical\" href=\"https:\/\/musicz.lu\/en\/about-musicz-lu\/\" \/>\n<meta property=\"og:locale\" content=\"en_GB\" \/>\n<meta property=\"og:type\" content=\"article\" \/>\n<meta property=\"og:title\" content=\"Claude Zeimes, Musicz.lu Recording Studio and Music Production\" \/>\n<meta property=\"og:description\" content=\"Discover Claude Zeimes&#039; Musicz.lu, a top-tier recording studio in Luxembourg, where musical expertise meets professional production. Specializing in custom music projects, Claude Zeimes, a skilled multi-instrumentalist, produces unique and high-quality audio recordings.&quot;\" \/>\n<meta property=\"og:url\" content=\"https:\/\/musicz.lu\/en\/about-musicz-lu\/\" \/>\n<meta property=\"og:site_name\" content=\"musicz.lu\" \/>\n<meta property=\"article:publisher\" content=\"https:\/\/www.facebook.com\/musiczzzzz\" \/>\n<meta property=\"article:modified_time\" content=\"2025-06-03T19:19:51+00:00\" \/>\n<meta property=\"og:image\" content=\"https:\/\/musicz.lu\/wp-content\/uploads\/2023\/01\/cropped-musicz-1.jpg\" \/>\n\t<meta property=\"og:image:width\" content=\"1920\" \/>\n\t<meta property=\"og:image:height\" content=\"961\" \/>\n\t<meta property=\"og:image:type\" content=\"image\/jpeg\" \/>\n<meta name=\"twitter:card\" content=\"summary_large_image\" \/>\n<meta name=\"twitter:label1\" content=\"Estimated reading time\" \/>\n\t<meta name=\"twitter:data1\" content=\"1 minute\" \/>\n<script type=\"application\/ld+json\" class=\"yoast-schema-graph\">{\"@context\":\"https:\\\/\\\/schema.org\",\"@graph\":[{\"@type\":\"WebPage\",\"@id\":\"https:\\\/\\\/musicz.lu\\\/about-musicz-lu\\\/\",\"url\":\"https:\\\/\\\/musicz.lu\\\/about-musicz-lu\\\/\",\"name\":\"Claude Zeimes, Musicz.lu Recording Studio and Music Production\",\"isPartOf\":{\"@id\":\"https:\\\/\\\/musicz.lu\\\/en\\\/#website\"},\"primaryImageOfPage\":{\"@id\":\"https:\\\/\\\/musicz.lu\\\/about-musicz-lu\\\/#primaryimage\"},\"image\":{\"@id\":\"https:\\\/\\\/musicz.lu\\\/about-musicz-lu\\\/#primaryimage\"},\"thumbnailUrl\":\"https:\\\/\\\/musicz.lu\\\/wp-content\\\/uploads\\\/2023\\\/01\\\/cropped-musicz-1.jpg\",\"datePublished\":\"2023-01-24T20:26:11+00:00\",\"dateModified\":\"2025-06-03T19:19:51+00:00\",\"description\":\"Discover Claude Zeimes' Musicz.lu, a top-tier recording studio in Luxembourg, where musical expertise meets professional production. Specializing in custom music projects, Claude Zeimes, a skilled multi-instrumentalist, produces unique and high-quality audio recordings.\\\"\",\"breadcrumb\":{\"@id\":\"https:\\\/\\\/musicz.lu\\\/about-musicz-lu\\\/#breadcrumb\"},\"inLanguage\":\"en-GB\",\"potentialAction\":[{\"@type\":\"ReadAction\",\"target\":[\"https:\\\/\\\/musicz.lu\\\/about-musicz-lu\\\/\"]}]},{\"@type\":\"ImageObject\",\"inLanguage\":\"en-GB\",\"@id\":\"https:\\\/\\\/musicz.lu\\\/about-musicz-lu\\\/#primaryimage\",\"url\":\"https:\\\/\\\/musicz.lu\\\/wp-content\\\/uploads\\\/2023\\\/01\\\/cropped-musicz-1.jpg\",\"contentUrl\":\"https:\\\/\\\/musicz.lu\\\/wp-content\\\/uploads\\\/2023\\\/01\\\/cropped-musicz-1.jpg\",\"width\":1920,\"height\":961},{\"@type\":\"BreadcrumbList\",\"@id\":\"https:\\\/\\\/musicz.lu\\\/about-musicz-lu\\\/#breadcrumb\",\"itemListElement\":[{\"@type\":\"ListItem\",\"position\":1,\"name\":\"Startseite\",\"item\":\"https:\\\/\\\/musicz.lu\\\/\"},{\"@type\":\"ListItem\",\"position\":2,\"name\":\"About Musicz.lu\"}]},{\"@type\":\"WebSite\",\"@id\":\"https:\\\/\\\/musicz.lu\\\/en\\\/#website\",\"url\":\"https:\\\/\\\/musicz.lu\\\/en\\\/\",\"name\":\"musicz.lu\",\"description\":\"\",\"publisher\":{\"@id\":\"https:\\\/\\\/musicz.lu\\\/en\\\/#organization\"},\"potentialAction\":[{\"@type\":\"SearchAction\",\"target\":{\"@type\":\"EntryPoint\",\"urlTemplate\":\"https:\\\/\\\/musicz.lu\\\/en\\\/?s={search_term_string}\"},\"query-input\":{\"@type\":\"PropertyValueSpecification\",\"valueRequired\":true,\"valueName\":\"search_term_string\"}}],\"inLanguage\":\"en-GB\"},{\"@type\":\"Organization\",\"@id\":\"https:\\\/\\\/musicz.lu\\\/en\\\/#organization\",\"name\":\"musicz.lu\",\"alternateName\":\"MusicZ\",\"url\":\"https:\\\/\\\/musicz.lu\\\/en\\\/\",\"logo\":{\"@type\":\"ImageObject\",\"inLanguage\":\"en-GB\",\"@id\":\"https:\\\/\\\/musicz.lu\\\/en\\\/#\\\/schema\\\/logo\\\/image\\\/\",\"url\":\"https:\\\/\\\/musicz.lu\\\/wp-content\\\/uploads\\\/2024\\\/12\\\/f72e4a09-6afc-4cd7-9ebe-861d348a89ab-scaled.jpg\",\"contentUrl\":\"https:\\\/\\\/musicz.lu\\\/wp-content\\\/uploads\\\/2024\\\/12\\\/f72e4a09-6afc-4cd7-9ebe-861d348a89ab-scaled.jpg\",\"width\":2560,\"height\":598,\"caption\":\"musicz.lu\"},\"image\":{\"@id\":\"https:\\\/\\\/musicz.lu\\\/en\\\/#\\\/schema\\\/logo\\\/image\\\/\"},\"sameAs\":[\"https:\\\/\\\/www.facebook.com\\\/musiczzzzz\"]}]}<\/script>\n<!-- \/ Yoast SEO plugin. -->","yoast_head_json":{"title":"Claude Zeimes, Musicz.lu Recording Studio and Music Production","description":"Discover Claude Zeimes' Musicz.lu, a top-tier recording studio in Luxembourg, where musical expertise meets professional production. Specializing in custom music projects, Claude Zeimes, a skilled multi-instrumentalist, produces unique and high-quality audio recordings.\"","robots":{"index":"index","follow":"follow","max-snippet":"max-snippet:-1","max-image-preview":"max-image-preview:large","max-video-preview":"max-video-preview:-1"},"canonical":"https:\/\/musicz.lu\/en\/about-musicz-lu\/","og_locale":"en_GB","og_type":"article","og_title":"Claude Zeimes, Musicz.lu Recording Studio and Music Production","og_description":"Discover Claude Zeimes' Musicz.lu, a top-tier recording studio in Luxembourg, where musical expertise meets professional production. Specializing in custom music projects, Claude Zeimes, a skilled multi-instrumentalist, produces unique and high-quality audio recordings.\"","og_url":"https:\/\/musicz.lu\/en\/about-musicz-lu\/","og_site_name":"musicz.lu","article_publisher":"https:\/\/www.facebook.com\/musiczzzzz","article_modified_time":"2025-06-03T19:19:51+00:00","og_image":[{"width":1920,"height":961,"url":"https:\/\/musicz.lu\/wp-content\/uploads\/2023\/01\/cropped-musicz-1.jpg","type":"image\/jpeg"}],"twitter_card":"summary_large_image","twitter_misc":{"Estimated reading time":"1 minute"},"schema":{"@context":"https:\/\/schema.org","@graph":[{"@type":"WebPage","@id":"https:\/\/musicz.lu\/about-musicz-lu\/","url":"https:\/\/musicz.lu\/about-musicz-lu\/","name":"Claude Zeimes, Musicz.lu Recording Studio and Music Production","isPartOf":{"@id":"https:\/\/musicz.lu\/en\/#website"},"primaryImageOfPage":{"@id":"https:\/\/musicz.lu\/about-musicz-lu\/#primaryimage"},"image":{"@id":"https:\/\/musicz.lu\/about-musicz-lu\/#primaryimage"},"thumbnailUrl":"https:\/\/musicz.lu\/wp-content\/uploads\/2023\/01\/cropped-musicz-1.jpg","datePublished":"2023-01-24T20:26:11+00:00","dateModified":"2025-06-03T19:19:51+00:00","description":"Discover Claude Zeimes' Musicz.lu, a top-tier recording studio in Luxembourg, where musical expertise meets professional production. Specializing in custom music projects, Claude Zeimes, a skilled multi-instrumentalist, produces unique and high-quality audio recordings.\"","breadcrumb":{"@id":"https:\/\/musicz.lu\/about-musicz-lu\/#breadcrumb"},"inLanguage":"en-GB","potentialAction":[{"@type":"ReadAction","target":["https:\/\/musicz.lu\/about-musicz-lu\/"]}]},{"@type":"ImageObject","inLanguage":"en-GB","@id":"https:\/\/musicz.lu\/about-musicz-lu\/#primaryimage","url":"https:\/\/musicz.lu\/wp-content\/uploads\/2023\/01\/cropped-musicz-1.jpg","contentUrl":"https:\/\/musicz.lu\/wp-content\/uploads\/2023\/01\/cropped-musicz-1.jpg","width":1920,"height":961},{"@type":"BreadcrumbList","@id":"https:\/\/musicz.lu\/about-musicz-lu\/#breadcrumb","itemListElement":[{"@type":"ListItem","position":1,"name":"Startseite","item":"https:\/\/musicz.lu\/"},{"@type":"ListItem","position":2,"name":"About Musicz.lu"}]},{"@type":"WebSite","@id":"https:\/\/musicz.lu\/en\/#website","url":"https:\/\/musicz.lu\/en\/","name":"musicz.lu","description":"","publisher":{"@id":"https:\/\/musicz.lu\/en\/#organization"},"potentialAction":[{"@type":"SearchAction","target":{"@type":"EntryPoint","urlTemplate":"https:\/\/musicz.lu\/en\/?s={search_term_string}"},"query-input":{"@type":"PropertyValueSpecification","valueRequired":true,"valueName":"search_term_string"}}],"inLanguage":"en-GB"},{"@type":"Organization","@id":"https:\/\/musicz.lu\/en\/#organization","name":"musicz.lu","alternateName":"MusicZ","url":"https:\/\/musicz.lu\/en\/","logo":{"@type":"ImageObject","inLanguage":"en-GB","@id":"https:\/\/musicz.lu\/en\/#\/schema\/logo\/image\/","url":"https:\/\/musicz.lu\/wp-content\/uploads\/2024\/12\/f72e4a09-6afc-4cd7-9ebe-861d348a89ab-scaled.jpg","contentUrl":"https:\/\/musicz.lu\/wp-content\/uploads\/2024\/12\/f72e4a09-6afc-4cd7-9ebe-861d348a89ab-scaled.jpg","width":2560,"height":598,"caption":"musicz.lu"},"image":{"@id":"https:\/\/musicz.lu\/en\/#\/schema\/logo\/image\/"},"sameAs":["https:\/\/www.facebook.com\/musiczzzzz"]}]}},"_links":{"self":[{"href":"https:\/\/musicz.lu\/en\/wp-json\/wp\/v2\/pages\/80","targetHints":{"allow":["GET"]}}],"collection":[{"href":"https:\/\/musicz.lu\/en\/wp-json\/wp\/v2\/pages"}],"about":[{"href":"https:\/\/musicz.lu\/en\/wp-json\/wp\/v2\/types\/page"}],"author":[{"embeddable":true,"href":"https:\/\/musicz.lu\/en\/wp-json\/wp\/v2\/users\/1"}],"replies":[{"embeddable":true,"href":"https:\/\/musicz.lu\/en\/wp-json\/wp\/v2\/comments?post=80"}],"version-history":[{"count":4,"href":"https:\/\/musicz.lu\/en\/wp-json\/wp\/v2\/pages\/80\/revisions"}],"predecessor-version":[{"id":1561,"href":"https:\/\/musicz.lu\/en\/wp-json\/wp\/v2\/pages\/80\/revisions\/1561"}],"wp:featuredmedia":[{"embeddable":true,"href":"https:\/\/musicz.lu\/en\/wp-json\/wp\/v2\/media\/82"}],"wp:attachment":[{"href":"https:\/\/musicz.lu\/en\/wp-json\/wp\/v2\/media?parent=80"}],"curies":[{"name":"wp","href":"https:\/\/api.w.org\/{rel}","templated":true}]}}