{"id":93,"date":"2023-01-24T20:42:29","date_gmt":"2023-01-24T20:42:29","guid":{"rendered":"https:\/\/dev2.musicz.lu\/?page_id=93"},"modified":"2025-06-03T19:35:47","modified_gmt":"2025-06-03T19:35:47","slug":"vocal-coach","status":"publish","type":"page","link":"https:\/\/musicz.lu\/en\/vocal-coach\/","title":{"rendered":"Vocal Coach"},"content":{"rendered":"<p><a href=\"http:\/\/vocalcoach.lu\">vocalcoach.lu<\/a><\/p>\n\n\n\n<p>Do you want to discover and develop your unique voice?<\/p>\n\n\n\n<p>In personalized lessons, you\u2019ll refine your vocal technique, enhance emotional expression, and strengthen your performance skills\u2014whether as a solo artist or part of a band. You\u2019ll also learn how to blend seamlessly with instruments, improve your stage presence, and build confidence in your artistry.<\/p>\n\n\n\n<p>With 24 years of experience in live performance, touring, and studio work, Julie Rodesch goes beyond traditional vocal training. She also offers studio coaching, where you\u2019ll master efficient recording techniques, proper microphone use, and how to deliver expressive, high-quality takes in a professional environment.<\/p>\n\n\n\n<p>No matter your skill level, let\u2019s unlock your full potential and make your voice shine!<\/p>\n\n\n\n<p>Additionally, Julie is available for songwriting (lyrics and vocal melodies), text translation, and studio vocal recordings.<\/p>","protected":false},"excerpt":{"rendered":"<p>vocalcoach.lu W\u00eblls du deng eenzegaarteg St\u00ebmm fannen an dru schaffen? A personalis\u00e9ierte Cours\u00eb verfeiners du deng Gesangstechnik a verst\u00e4erks deng&nbsp; Ausdrocksf\u00e4egkeet fir e staarken Optr\u00ebtt<\/p>\n<p><a href=\"https:\/\/musicz.lu\/en\/vocal-coach\/\" class=\"more-link\">Read More<span class=\"screen-reader-text\">Vocal Coach<\/span><\/a><\/p>","protected":false},"author":1,"featured_media":1565,"parent":0,"menu_order":0,"comment_status":"closed","ping_status":"closed","template":"","meta":{"footnotes":""},"class_list":["post-93","page","type-page","status-publish","has-post-thumbnail","hentry"],"yoast_head":"<!-- This site is optimized with the Yoast SEO plugin v27.4 - https:\/\/yoast.com\/product\/yoast-seo-wordpress\/ -->\n<title>Christian Krier | Expert in Film Music and Sound Engineering<\/title>\n<meta name=\"description\" content=\"Christian Krier at Musicz.lu, a seasoned composer and sound engineer specializing in film music and orchestral productions. Discover how his innovative approaches to audio mixing and music creation bring unique soundscapes to life in Luxembourg.\" \/>\n<meta name=\"robots\" content=\"index, follow, max-snippet:-1, max-image-preview:large, max-video-preview:-1\" \/>\n<link rel=\"canonical\" href=\"https:\/\/musicz.lu\/en\/vocal-coach\/\" \/>\n<meta property=\"og:locale\" content=\"en_GB\" \/>\n<meta property=\"og:type\" content=\"article\" \/>\n<meta property=\"og:title\" content=\"Christian Krier | Expert in Film Music and Sound Engineering\" \/>\n<meta property=\"og:description\" content=\"Christian Krier at Musicz.lu, a seasoned composer and sound engineer specializing in film music and orchestral productions. Discover how his innovative approaches to audio mixing and music creation bring unique soundscapes to life in Luxembourg.\" \/>\n<meta property=\"og:url\" content=\"https:\/\/musicz.lu\/en\/vocal-coach\/\" \/>\n<meta property=\"og:site_name\" content=\"musicz.lu\" \/>\n<meta property=\"article:publisher\" content=\"https:\/\/www.facebook.com\/musiczzzzz\" \/>\n<meta property=\"article:modified_time\" content=\"2025-06-03T19:35:47+00:00\" \/>\n<meta property=\"og:image\" content=\"https:\/\/musicz.lu\/wp-content\/uploads\/2025\/06\/Blau-und-Rosa-Modern-Technologie-Elektronik-und-Technologie-Einziehbares-Ausstellungsbanner.png\" \/>\n\t<meta property=\"og:image:width\" content=\"600\" \/>\n\t<meta property=\"og:image:height\" content=\"200\" \/>\n\t<meta property=\"og:image:type\" content=\"image\/png\" \/>\n<meta name=\"twitter:card\" content=\"summary_large_image\" \/>\n<meta name=\"twitter:label1\" content=\"Estimated reading time\" \/>\n\t<meta name=\"twitter:data1\" content=\"1 minute\" \/>\n<script type=\"application\/ld+json\" class=\"yoast-schema-graph\">{\"@context\":\"https:\\\/\\\/schema.org\",\"@graph\":[{\"@type\":\"WebPage\",\"@id\":\"https:\\\/\\\/musicz.lu\\\/vocal-coach\\\/\",\"url\":\"https:\\\/\\\/musicz.lu\\\/vocal-coach\\\/\",\"name\":\"Christian Krier | Expert in Film Music and Sound Engineering\",\"isPartOf\":{\"@id\":\"https:\\\/\\\/musicz.lu\\\/en\\\/#website\"},\"primaryImageOfPage\":{\"@id\":\"https:\\\/\\\/musicz.lu\\\/vocal-coach\\\/#primaryimage\"},\"image\":{\"@id\":\"https:\\\/\\\/musicz.lu\\\/vocal-coach\\\/#primaryimage\"},\"thumbnailUrl\":\"https:\\\/\\\/musicz.lu\\\/wp-content\\\/uploads\\\/2025\\\/06\\\/Blau-und-Rosa-Modern-Technologie-Elektronik-und-Technologie-Einziehbares-Ausstellungsbanner.png\",\"datePublished\":\"2023-01-24T20:42:29+00:00\",\"dateModified\":\"2025-06-03T19:35:47+00:00\",\"description\":\"Christian Krier at Musicz.lu, a seasoned composer and sound engineer specializing in film music and orchestral productions. Discover how his innovative approaches to audio mixing and music creation bring unique soundscapes to life in Luxembourg.\",\"breadcrumb\":{\"@id\":\"https:\\\/\\\/musicz.lu\\\/vocal-coach\\\/#breadcrumb\"},\"inLanguage\":\"en-GB\",\"potentialAction\":[{\"@type\":\"ReadAction\",\"target\":[\"https:\\\/\\\/musicz.lu\\\/vocal-coach\\\/\"]}]},{\"@type\":\"ImageObject\",\"inLanguage\":\"en-GB\",\"@id\":\"https:\\\/\\\/musicz.lu\\\/vocal-coach\\\/#primaryimage\",\"url\":\"https:\\\/\\\/musicz.lu\\\/wp-content\\\/uploads\\\/2025\\\/06\\\/Blau-und-Rosa-Modern-Technologie-Elektronik-und-Technologie-Einziehbares-Ausstellungsbanner.png\",\"contentUrl\":\"https:\\\/\\\/musicz.lu\\\/wp-content\\\/uploads\\\/2025\\\/06\\\/Blau-und-Rosa-Modern-Technologie-Elektronik-und-Technologie-Einziehbares-Ausstellungsbanner.png\",\"width\":600,\"height\":200},{\"@type\":\"BreadcrumbList\",\"@id\":\"https:\\\/\\\/musicz.lu\\\/vocal-coach\\\/#breadcrumb\",\"itemListElement\":[{\"@type\":\"ListItem\",\"position\":1,\"name\":\"Startseite\",\"item\":\"https:\\\/\\\/musicz.lu\\\/\"},{\"@type\":\"ListItem\",\"position\":2,\"name\":\"Vocal Coach\"}]},{\"@type\":\"WebSite\",\"@id\":\"https:\\\/\\\/musicz.lu\\\/en\\\/#website\",\"url\":\"https:\\\/\\\/musicz.lu\\\/en\\\/\",\"name\":\"musicz.lu\",\"description\":\"\",\"publisher\":{\"@id\":\"https:\\\/\\\/musicz.lu\\\/en\\\/#organization\"},\"potentialAction\":[{\"@type\":\"SearchAction\",\"target\":{\"@type\":\"EntryPoint\",\"urlTemplate\":\"https:\\\/\\\/musicz.lu\\\/en\\\/?s={search_term_string}\"},\"query-input\":{\"@type\":\"PropertyValueSpecification\",\"valueRequired\":true,\"valueName\":\"search_term_string\"}}],\"inLanguage\":\"en-GB\"},{\"@type\":\"Organization\",\"@id\":\"https:\\\/\\\/musicz.lu\\\/en\\\/#organization\",\"name\":\"musicz.lu\",\"alternateName\":\"MusicZ\",\"url\":\"https:\\\/\\\/musicz.lu\\\/en\\\/\",\"logo\":{\"@type\":\"ImageObject\",\"inLanguage\":\"en-GB\",\"@id\":\"https:\\\/\\\/musicz.lu\\\/en\\\/#\\\/schema\\\/logo\\\/image\\\/\",\"url\":\"https:\\\/\\\/musicz.lu\\\/wp-content\\\/uploads\\\/2024\\\/12\\\/f72e4a09-6afc-4cd7-9ebe-861d348a89ab-scaled.jpg\",\"contentUrl\":\"https:\\\/\\\/musicz.lu\\\/wp-content\\\/uploads\\\/2024\\\/12\\\/f72e4a09-6afc-4cd7-9ebe-861d348a89ab-scaled.jpg\",\"width\":2560,\"height\":598,\"caption\":\"musicz.lu\"},\"image\":{\"@id\":\"https:\\\/\\\/musicz.lu\\\/en\\\/#\\\/schema\\\/logo\\\/image\\\/\"},\"sameAs\":[\"https:\\\/\\\/www.facebook.com\\\/musiczzzzz\"]}]}<\/script>\n<!-- \/ Yoast SEO plugin. -->","yoast_head_json":{"title":"Christian Krier | Expert in Film Music and Sound Engineering","description":"Christian Krier at Musicz.lu, a seasoned composer and sound engineer specializing in film music and orchestral productions. Discover how his innovative approaches to audio mixing and music creation bring unique soundscapes to life in Luxembourg.","robots":{"index":"index","follow":"follow","max-snippet":"max-snippet:-1","max-image-preview":"max-image-preview:large","max-video-preview":"max-video-preview:-1"},"canonical":"https:\/\/musicz.lu\/en\/vocal-coach\/","og_locale":"en_GB","og_type":"article","og_title":"Christian Krier | Expert in Film Music and Sound Engineering","og_description":"Christian Krier at Musicz.lu, a seasoned composer and sound engineer specializing in film music and orchestral productions. Discover how his innovative approaches to audio mixing and music creation bring unique soundscapes to life in Luxembourg.","og_url":"https:\/\/musicz.lu\/en\/vocal-coach\/","og_site_name":"musicz.lu","article_publisher":"https:\/\/www.facebook.com\/musiczzzzz","article_modified_time":"2025-06-03T19:35:47+00:00","og_image":[{"width":600,"height":200,"url":"https:\/\/musicz.lu\/wp-content\/uploads\/2025\/06\/Blau-und-Rosa-Modern-Technologie-Elektronik-und-Technologie-Einziehbares-Ausstellungsbanner.png","type":"image\/png"}],"twitter_card":"summary_large_image","twitter_misc":{"Estimated reading time":"1 minute"},"schema":{"@context":"https:\/\/schema.org","@graph":[{"@type":"WebPage","@id":"https:\/\/musicz.lu\/vocal-coach\/","url":"https:\/\/musicz.lu\/vocal-coach\/","name":"Christian Krier | Expert in Film Music and Sound Engineering","isPartOf":{"@id":"https:\/\/musicz.lu\/en\/#website"},"primaryImageOfPage":{"@id":"https:\/\/musicz.lu\/vocal-coach\/#primaryimage"},"image":{"@id":"https:\/\/musicz.lu\/vocal-coach\/#primaryimage"},"thumbnailUrl":"https:\/\/musicz.lu\/wp-content\/uploads\/2025\/06\/Blau-und-Rosa-Modern-Technologie-Elektronik-und-Technologie-Einziehbares-Ausstellungsbanner.png","datePublished":"2023-01-24T20:42:29+00:00","dateModified":"2025-06-03T19:35:47+00:00","description":"Christian Krier at Musicz.lu, a seasoned composer and sound engineer specializing in film music and orchestral productions. Discover how his innovative approaches to audio mixing and music creation bring unique soundscapes to life in Luxembourg.","breadcrumb":{"@id":"https:\/\/musicz.lu\/vocal-coach\/#breadcrumb"},"inLanguage":"en-GB","potentialAction":[{"@type":"ReadAction","target":["https:\/\/musicz.lu\/vocal-coach\/"]}]},{"@type":"ImageObject","inLanguage":"en-GB","@id":"https:\/\/musicz.lu\/vocal-coach\/#primaryimage","url":"https:\/\/musicz.lu\/wp-content\/uploads\/2025\/06\/Blau-und-Rosa-Modern-Technologie-Elektronik-und-Technologie-Einziehbares-Ausstellungsbanner.png","contentUrl":"https:\/\/musicz.lu\/wp-content\/uploads\/2025\/06\/Blau-und-Rosa-Modern-Technologie-Elektronik-und-Technologie-Einziehbares-Ausstellungsbanner.png","width":600,"height":200},{"@type":"BreadcrumbList","@id":"https:\/\/musicz.lu\/vocal-coach\/#breadcrumb","itemListElement":[{"@type":"ListItem","position":1,"name":"Startseite","item":"https:\/\/musicz.lu\/"},{"@type":"ListItem","position":2,"name":"Vocal Coach"}]},{"@type":"WebSite","@id":"https:\/\/musicz.lu\/en\/#website","url":"https:\/\/musicz.lu\/en\/","name":"musicz.lu","description":"","publisher":{"@id":"https:\/\/musicz.lu\/en\/#organization"},"potentialAction":[{"@type":"SearchAction","target":{"@type":"EntryPoint","urlTemplate":"https:\/\/musicz.lu\/en\/?s={search_term_string}"},"query-input":{"@type":"PropertyValueSpecification","valueRequired":true,"valueName":"search_term_string"}}],"inLanguage":"en-GB"},{"@type":"Organization","@id":"https:\/\/musicz.lu\/en\/#organization","name":"musicz.lu","alternateName":"MusicZ","url":"https:\/\/musicz.lu\/en\/","logo":{"@type":"ImageObject","inLanguage":"en-GB","@id":"https:\/\/musicz.lu\/en\/#\/schema\/logo\/image\/","url":"https:\/\/musicz.lu\/wp-content\/uploads\/2024\/12\/f72e4a09-6afc-4cd7-9ebe-861d348a89ab-scaled.jpg","contentUrl":"https:\/\/musicz.lu\/wp-content\/uploads\/2024\/12\/f72e4a09-6afc-4cd7-9ebe-861d348a89ab-scaled.jpg","width":2560,"height":598,"caption":"musicz.lu"},"image":{"@id":"https:\/\/musicz.lu\/en\/#\/schema\/logo\/image\/"},"sameAs":["https:\/\/www.facebook.com\/musiczzzzz"]}]}},"_links":{"self":[{"href":"https:\/\/musicz.lu\/en\/wp-json\/wp\/v2\/pages\/93","targetHints":{"allow":["GET"]}}],"collection":[{"href":"https:\/\/musicz.lu\/en\/wp-json\/wp\/v2\/pages"}],"about":[{"href":"https:\/\/musicz.lu\/en\/wp-json\/wp\/v2\/types\/page"}],"author":[{"embeddable":true,"href":"https:\/\/musicz.lu\/en\/wp-json\/wp\/v2\/users\/1"}],"replies":[{"embeddable":true,"href":"https:\/\/musicz.lu\/en\/wp-json\/wp\/v2\/comments?post=93"}],"version-history":[{"count":6,"href":"https:\/\/musicz.lu\/en\/wp-json\/wp\/v2\/pages\/93\/revisions"}],"predecessor-version":[{"id":1567,"href":"https:\/\/musicz.lu\/en\/wp-json\/wp\/v2\/pages\/93\/revisions\/1567"}],"wp:featuredmedia":[{"embeddable":true,"href":"https:\/\/musicz.lu\/en\/wp-json\/wp\/v2\/media\/1565"}],"wp:attachment":[{"href":"https:\/\/musicz.lu\/en\/wp-json\/wp\/v2\/media?parent=93"}],"curies":[{"name":"wp","href":"https:\/\/api.w.org\/{rel}","templated":true}]}}